{"id":58,"date":"2017-07-20T22:16:40","date_gmt":"2017-07-20T22:16:40","guid":{"rendered":"http:\/\/meld.sdsu.edu\/?page_id=58"},"modified":"2023-05-16T11:38:36","modified_gmt":"2023-05-16T11:38:36","slug":"presentations-publications","status":"publish","type":"page","link":"https:\/\/meld.sdsu.edu\/index.php\/presentations-publications\/","title":{"rendered":"Publications"},"content":{"rendered":"<h2>mELd Publications<\/h2>\n<p>Pelaez, K., Calleros, E.D., Parra, J., &amp; Zahner, W. (2023). Examining community cultural wealth of a transfronteriza multilingual student in mathematics classrooms. International Journal of Qualitative Studies in Education. <a href=\"https:\/\/doi.org\/10.1080\/09518398.2023.2178036\">https:\/\/doi.org\/10.1080\/09518398.2023.2178036<\/a><\/p>\n<p>Zahner, W. &amp; Wynn, L.* (2023). Rethinking Learning Trajectories in Light of Student Linguistic Diversity. <em>Mathematical Thinking and Learning. 25<\/em>(1), 100-114, <a href=\"https:\/\/doi.org\/10.1080\/10986065.2021.1931650\">https:\/\/doi.org\/10.1080\/10986065.2021.1931650<\/a>. <span style=\"color: #339966;\"><strong>[Open Access]<\/strong><\/span><\/p>\n<p>Zahner, W. &amp; Pelaez, K. (2022). Does individual students&#8217; verbal participation in a multilingual classroom correlate with a measure of learning? In C. Fern\u00e1ndez, S. Llinares, A. Guti\u00e9rrez, &amp; N. Planas (Eds). Proceedings of the 45th Conference of the International Group for the Psychology of Mathematics Education, (Vol 4, p. 323). Alicante, Spain. <a href=\"https:\/\/rua.ua.es\/dspace\/handle\/10045\/126875\">https:\/\/rua.ua.es\/dspace\/handle\/10045\/126875<\/a> <span style=\"color: #339966;\"><strong>[Open Access]<\/strong><\/span><\/p>\n<p>Zahner, W., Calleros, E. D., Pelaez, K., Abeldan\u0303o, P., Parra, J. A., Zuniga, A. (2021). Removable Discontinuities: Improving the Teaching and Learning of Mathematics in the San Diego-Tijuana Region. <em>NABE Global Perspectives<\/em>.<\/p>\n<p>Zahner, W. (2021). Designing for mathematical literacy: Introducing exponential growth using critical and meaningful problem contexts. <em>Journal of Adolescent and Adult Literacy, 64<\/em>(6), 693\u2013 698. <a href=\"https:\/\/doi.org\/10.1002\/jaal.1156\">https:\/\/doi.org\/10.1002\/jaal.1156<\/a><\/p>\n<p>D&#8217;Errico, M. &amp; Zahner, W. (2021). Using Interviews to Identify the Resources of Multilingual High School Students. <i>Teaching for Excellence and Equity in Mathematics. <a href=\"http:\/\/meld.sdsu.edu\/wp-content\/uploads\/2020\/12\/Appendix-1-1.pdf\" target=\"_blank\" rel=\"noopener\">Supplemental Files<\/a><\/i>.<\/p>\n<p><span style=\"font-weight: 400;\">Zahner, W., Wynn, L., Calleros, E., &amp; <\/span>Pelaez, K.<span style=\"font-weight: 400;\"> (2021). An Analysis of Patterns of Productive and Powerful Discourse in Multilingual Secondary Mathematics Classrooms. <\/span><em><span style=\"font-weight: 400;\">Proceedings of the 43<\/span><span style=\"font-weight: 400;\">rd<\/span><span style=\"font-weight: 400;\"> Annual Meeting of the North American Group for the Psychology of Mathematics Education, Philadelphia, PA<\/span><\/em><span style=\"font-weight: 400;\"> (pp. 1459-1468). Cinvestav \/ AMIUTEM \/ PME-NA. <span style=\"color: #339966;\"><strong>[Open Access]<\/strong><\/span><\/span><\/p>\n<p><span style=\"font-weight: 400;\">Zahner, W., Pelaez, K., &amp; Calleros, E. (2021). <\/span><span style=\"font-weight: 400;\">Principles for Curriculum Design and Pedagogy in Multilingual Secondary Mathematics Classrooms. <\/span><span style=\"font-weight: 400;\">In A. Essien &amp; A. Msimanga (Eds.) <\/span><i><span style=\"font-weight: 400;\">Multilingual Education Yearbook 2021: Policy and Practice in STEM Multilingual Contexts <\/span><\/i><span style=\"font-weight: 400;\">(pp. 235-255)<\/span><span style=\"font-weight: 400;\">. Springer.\u00a0<\/span><\/p>\n<p><span style=\"font-size: inherit; background-color: initial; font-family: -apple-system, system-ui, BlinkMacSystemFont, 'Segoe UI', Helvetica, Arial, sans-serif, 'Apple Color Emoji', 'Segoe UI Emoji', 'Segoe UI Symbol';\">Zahner, W., Calleros, E. D., &amp; Pelaez, K. (2021). Designing Learning Environments to Promote Academic Literacy in Mathematics in Multilingual Secondary Mathematics Classrooms. <\/span><i style=\"font-size: inherit; background-color: initial; font-family: -apple-system, system-ui, BlinkMacSystemFont, 'Segoe UI', Helvetica, Arial, sans-serif, 'Apple Color Emoji', 'Segoe UI Emoji', 'Segoe UI Symbol';\"><span class=\"il\">ZDM<\/span>\u00a0Mathematics Education<\/i><span style=\"font-size: inherit; background-color: initial; font-family: -apple-system, system-ui, BlinkMacSystemFont, 'Segoe UI', Helvetica, Arial, sans-serif, 'Apple Color Emoji', 'Segoe UI Emoji', 'Segoe UI Symbol';\">,\u00a0<\/span><i style=\"font-size: inherit; background-color: initial; font-family: -apple-system, system-ui, BlinkMacSystemFont, 'Segoe UI', Helvetica, Arial, sans-serif, 'Apple Color Emoji', 'Segoe UI Emoji', 'Segoe UI Symbol';\">53<\/i><span style=\"font-size: inherit; background-color: initial; font-family: -apple-system, system-ui, BlinkMacSystemFont, 'Segoe UI', Helvetica, Arial, sans-serif, 'Apple Color Emoji', 'Segoe UI Emoji', 'Segoe UI Symbol';\">(2). <a href=\"https:\/\/doi.org\/10.1007\/s11858-021-01239-0\" target=\"_blank\" rel=\"noopener\">https:\/\/doi.org\/10.1007\/s11858-021-01239-0\u00a0<\/a> <span style=\"color: #339966;\"><strong>[Open Access]<\/strong><\/span><\/span><\/p>\n<p><span style=\"font-weight: 400;\">Zahner, W., Wynn, L. &amp; Villarreal, A. (2020). <\/span><span style=\"font-weight: 400;\">Examining equitable participation and positioning in multilingual classrooms: Tasks, language(s), and norms.<\/span><i><span style=\"font-weight: 400;\"> Proceedings of the 14th International Congress on Mathematical Education.<\/span><\/i><span style=\"font-weight: 400;\"> Shanghai, China<\/span><\/p>\n<p><span style=\"font-weight: 400;\">Pelaez, K. &amp; Zahner, W. (2020). <\/span><span style=\"font-weight: 400;\">\u201cYa me conforme\u201d: Resisting dominant narratives in mathematics classrooms.<\/span><span style=\"font-weight: 400;\"> In A. I. Sacrist\u00e1n, J. C. Cort\u00e9s-Zavala, &amp; P. M. Ruiz-Arias (Eds.) <\/span><i><span style=\"font-weight: 400;\">Mathematics Education Across Cultures: Proceedings of the 42nd Meeting of the North American Chapter of the International Group for the Psychology of Mathematics Education, Mexico <\/span><\/i><span style=\"font-weight: 400;\">(pp. 614-615)<\/span><i><span style=\"font-weight: 400;\">.<\/span><\/i><span style=\"font-weight: 400;\"> Cinvestav \/ AMIUTEM \/ PME-NA. <a href=\"https:\/doi.org\/10.51272\/pmena.42.2020\" target=\"_blank\" rel=\"noopener\" data-wplink-url-error=\"true\">https:\/doi.org\/10.51272\/pmena.42.2020 <span style=\"color: #339966;\"><strong>[Open Access]<\/strong><\/span><\/a><\/span><\/p>\n<p><span style=\"font-weight: 400;\">Zahner, W., Pelaez, K., &amp; Calleros, E. (2020). <\/span><span style=\"font-weight: 400;\">Designing mathematics learning environments for multilingual students: Results of a redesign effort in introductory algebra. <\/span><span style=\"font-weight: 400;\">In A. I. Sacrist\u00e1n, J. C. Cort\u00e9s-Zavala, &amp; P. M. Ruiz-Arias (Eds.). <\/span><i><span style=\"font-weight: 400;\">Mathematics Education Across Cultures: Proceedings of the 42nd Meeting of the North American Chapter of the International Group for the Psychology of Mathematics Education, Mexico <\/span><\/i><span style=\"font-weight: 400;\">(pp. 409-416)<\/span><i><span style=\"font-weight: 400;\">.<\/span><\/i><span style=\"font-weight: 400;\"> Cinvestav \/ AMIUTEM \/ PME-NA. <a href=\"https:\/doi.org\/10.51272\/pmena.42.2020\" target=\"_blank\" rel=\"noopener\" data-wplink-url-error=\"true\">https:\/doi.org\/10.51272\/pmena.42.2020\u00a0<\/a><span style=\"color: #339966;\"><strong>[Open Access]<\/strong><\/span><\/span><\/p>\n<p><span style=\"font-size: inherit; background-color: initial; font-family: -apple-system, system-ui, BlinkMacSystemFont, 'Segoe UI', Helvetica, Arial, sans-serif, 'Apple Color Emoji', 'Segoe UI Emoji', 'Segoe UI Symbol';\">Wynn, L. &amp; Zahner, W. (2018, November). Connections among curriculum, tasks, and linguistically diverse secondary students\u2019 understandings of rates of change. In T. M. Hodges, G. J. Roy, &amp; A. M. Tyminski (Eds.) <\/span><em style=\"font-size: inherit; background-color: initial; font-family: -apple-system, system-ui, BlinkMacSystemFont, 'Segoe UI', Helvetica, Arial, sans-serif, 'Apple Color Emoji', 'Segoe UI Emoji', 'Segoe UI Symbol';\">Proceedings of the 40th Annual Meeting of the North American Chapter of the International Group for the Psychology of Mathematics Education<\/em><span style=\"font-size: inherit; background-color: initial; font-family: -apple-system, system-ui, BlinkMacSystemFont, 'Segoe UI', Helvetica, Arial, sans-serif, 'Apple Color Emoji', 'Segoe UI Emoji', 'Segoe UI Symbol';\"> (p. 223-227). Greenville, SC: PMENA.<\/span><\/p>\n<p><span style=\"font-size: inherit; background-color: initial; font-family: -apple-system, system-ui, BlinkMacSystemFont, 'Segoe UI', Helvetica, Arial, sans-serif, 'Apple Color Emoji', 'Segoe UI Emoji', 'Segoe UI Symbol';\">Zahner, W., Milbourne, H. &amp; Wynn, L. (2018). Developing and refining a framework for mathematical and linguistic complexity in tasks related to rates of change. <\/span><em style=\"font-size: inherit; background-color: initial; font-family: -apple-system, system-ui, BlinkMacSystemFont, 'Segoe UI', Helvetica, Arial, sans-serif, 'Apple Color Emoji', 'Segoe UI Emoji', 'Segoe UI Symbol';\">Journal of Mathematical Behavior, 52, 21-36<\/em><span style=\"font-size: inherit; background-color: initial; font-family: -apple-system, system-ui, BlinkMacSystemFont, 'Segoe UI', Helvetica, Arial, sans-serif, 'Apple Color Emoji', 'Segoe UI Emoji', 'Segoe UI Symbol';\">.\u00a0<\/span><a style=\"font-size: inherit; background-color: initial; font-family: -apple-system, system-ui, BlinkMacSystemFont, 'Segoe UI', Helvetica, Arial, sans-serif, 'Apple Color Emoji', 'Segoe UI Emoji', 'Segoe UI Symbol';\" href=\"https:\/\/doi.org\/10.1016\/j.jmathb.2018.04.003\" target=\"_blank\" rel=\"noopener\">https:\/\/doi.org\/10.1016\/j.jmathb.2018.04.003<\/a><\/p>\n<p>Zahner, W., Wynn, L., and Ulloa, S. (2018). Designing for equity: Creating productive and powerful discussions in bilingual classrooms. In D. White, A. Fernandes, &amp; M. Civil <em>Access and Equity Promoting High Quality Mathematics in Grades 9-12<\/em>, Reston, VA: National Council of Teachers of Mathematics.<\/p>\n<h2>mELd Conference Presentations<\/h2>\n<p>Zahner, W., Calleros, E.D., Pelaez, K., Parra, J., Zuniga, A., &amp; Abelda\u00f1o, P. (2022, April). <em>Students&#8217; participation in classroom discourse and language ideologies in multilingual secondary math classrooms.<\/em> Paper presented at the Annual Meeting of the American Educational Research Association, San Diego, CA.<\/p>\n<p>Pelaez, K., Calleros, E. D., Parra, J., &amp; Zahner, W. (2022, March) <em>\u201cQuiero llegar a ser alguien\u201d: Community cultural wealth in mathematics classrooms.<\/em> NCTM Virtual Research Conference (Virtual)<\/p>\n<p>Zahner, W. (2019, April). Designing equitable mathematics learning environments for a linguistically diverse high school. Paper presented at the Research Conference of the National Council of Teachers of Mathematics, San Diego, CA.<\/p>\n<p>Zahner, W. (2017, June). Designing Learning Environments to Foster Productive and Powerful Discussions Among Linguistically Diverse Students in Secondary Mathematics. Poster Presented at DRK12 PIs Meeting, Washington, D.C.\u00a0<a href=\"http:\/\/meld.sdsu.edu\/wp-content\/uploads\/2017\/07\/DRK12-PI-Meeting-2016-Poster.pdf\">DRK12 PI Meeting 2016 Poster<\/a><\/p>\n<p>Zahner, W. &amp; Wynn, L. (2017, May). <em>Rethinking and redesigning learning trajectories to meet the needs of emergent bilingual students: The case of linear functions. <\/em>Paper presented at the Annual Meeting of the American Education Research Association, San Antonio, Texas.<\/p>\n<p>Zahner, W. and Wynn, L. (2016, April). <em>Identifying challenges and resources for ELLs\u2019 reasoning about linear functions<\/em>. Poster presented at the Research Conference of the National Council of Teachers of Mathematics, San Francisco, CA.<\/p>\n<h2>mELd PD Workshops<\/h2>\n<p>Zahner, W., Wynn, L., &amp; Ulloa, S. (2019, April). <em>Developing Engaging Explorations of Culturally Responsive Tasks in Linguistically Diverse Classrooms.<\/em> Workshop presented at the Annual Meeting of the National Council of Teachers of Mathematics, San Diego, CA. <a href=\"https:\/\/drive.google.com\/open?id=1jbgl1lGQWZsp0ZsFEhGImz08ko9ypME6\">Slides and Handouts<\/a><\/p>\n<p>Zahner, W. (2019, February). <em>Developing engaging explorations of culturally responsive tasks in linguistically diverse classrooms. <\/em>Workshop presented for the California Mathematics Project at Cal Poly Pomona, Pomona, CA<\/p>\n<p>Zahner, W. &amp; Wynn, L. (2018, October). <em>Developing engaging explorations of culturally responsive tasks in linguistically diverse classrooms. <\/em>Workshop presented at the California STEAM Symposium, Long Beach, CA.<\/p>\n<p>Zahner, W. &amp; Ulloa, J. S. (2017, October).\u00a0<em>Redesign Your Exercises to Develop CCSSM Practices with ELs<\/em>. Presentation at the Annual Meeting of the California Mathematics Council-South, Palm Springs, CA. <a href=\"https:\/\/drive.google.com\/drive\/folders\/0B--WCg1sVa6GUVVCaTJhekR3ZDQ?usp=sharing\">Handouts and Presentation<\/a>.<\/p>\n<h2>Related Publications by W. Zahner<\/h2>\n<p>Roberts, S., de Araujo, Z., Willey, C., &amp; Zahner, W (2022). Three ways to enhance tasks for multilingual learners. <em>Mathematics Teacher: Learning and Teaching PK-12, 115<\/em>(7), p. 458-467. <a href=\"https:\/\/doi.org\/10.5951\/MTLT.2021.0300\"><em>https:\/\/doi.org\/10.5951\/MTLT.2021.0300<\/em><\/a><\/p>\n<p>Zahner, W. (2022). <em>Building Cultural and Linguistic Equity for MLs\/ELLs in the Mathematics Classroom. <\/em>A learning resource published by New York City Public Schools Department of Multilingual Learners. <a href=\"https:\/\/drive.google.com\/file\/d\/16qdJp3oo-Eh2kl7skEnFaPTlVNxxGf8x\/view\">https:\/\/drive.google.com\/file\/d\/16qdJp3oo-Eh2kl7skEnFaPTlVNxxGf8x\/view<\/a><\/p>\n<p>Zahner, W., Wynn, L., &amp; Amoako Kayser, A. (2022). Equitable math instruction for California\u2019s multilingual students. <em>Education Trust-West Research in Brief.<\/em> <a href=\"https:\/\/west.edtrust.org\/wp-content\/uploads\/2017\/11\/EducationTrust_2022_California-mathematics-teachers-perspectives-on-the-quality-of-their-instructional-materials-for-English-learners_V3.pdf\">https:\/\/west.edtrust.org\/wp-content\/uploads\/2017\/11\/EducationTrust_2022_California-mathematics-teachers-perspectives-on-the-quality-of-their-instructional-materials-for-English-learners_V3.pdf<\/a>\u00a0<\/p>\n<p>Zahner, W. &amp; Aquino-Sterling, C. (2020). Are the words as important as the concepts? Using Pedagogical Language Knowledge to expand analysis of mathematics teaching with\u00a0linguistically diverse students.\u00a0<i>Mathematics\u00a0<wbr \/>Education Research Journal.<\/i> <a href=\"https:\/doi.org\/10.1007\/s13394-020-00352-9\" data-wplink-url-error=\"true\">https:\/doi.org\/10.1007\/s13394-<wbr \/>020-00352-9<\/a><\/p>\n<p>De Araujo, Z., Roberts, S., Willey, C. &amp; Zahner, W. (2018). English learners in K-12 mathematics education: A review of the literature. Review of Educational Research, 88(6), 879-919. <a href=\"https:\/\/doi.org\/10.3102\/0034654318798093\">https:\/\/doi.org\/10.3102\/0034654318798093<\/a><\/p>\n<p>Mosckovich, J.N. &amp; Zahner, W. (2018). A Situated and Sociocultural Perspective on Mathematical Communication: Uncovering Multiple Components of Activity during Peer Mathematical Discussions. ZDM Mathematics Education, 50(6), 999-1011. <a href=\"https:\/\/doi.org\/10.1007\/s11858-018-0982-9\">https:\/\/doi.org\/10.1007\/s11858-018-0982-9<\/a><\/p>\n<p>Aquino-Sterling, C., Rodr\u00edguez-Valls, F., &amp; Zahner, W. (2016). Fostering a Culture of Discourse in Secondary Mathematics Classrooms: Equity Approaches in Teaching and Teacher Education for Emergent Bilingual Students. Revista Internacional de Educaci\u00f3n para la Justicia Social, 5(2) 87-107. <a href=\"https:\/\/doi.org\/10.15366\/riejs2016.5.2.005\">https:\/\/doi.org\/10.15366\/riejs2016.5.2.005<\/a><\/p>\n<p>Zahner, W. (2015). The Rise and Run of a Computational Understanding of Slope in a Conceptually Focused Bilingual Algebra Class. Educational Studies in Mathematics, 88(1), 19-41. <a href=\"https:\/\/link.springer.com\/article\/10.1007\/s10649-014-9575-x\">DOI: 10.1007\/s10649-014-9575-x<\/a><\/p>\n<p>Zahner, W., Velazquez, G., Moschkovich, J.N., Vahey, P., &amp; Lara-Meloy, T. (2012). Mathematics teaching practices with technology that support conceptual understanding for Latino\/a students. Journal of Mathematical Behavior. 31(2012), 431- 446. <a href=\"http:\/\/dx.doi.org\/10.1016\/j.jmathb.2012.06.002\">DOI: 10.1016\/j.jmathb.2012.06.002<\/a>.<\/p>\n<p>Zahner, W. (2012). \u201cNobody\u2019s gonna be sitting at that one\u201d: Two perspectives on how mathematics problems in context mediate group problem solving discussions. Revista de Investigaci\u00f3n en Did\u00e1ctica de las Matem\u00e1ticas 1(2), 105-135.<\/p>\n<p>Zahner, W. (2012). ELLs and group work: It can be done well. Mathematics Teaching in the Middle School 18(3), 156-164.<\/p>\n<p>Zahner, W. &amp; Moschkovich, J. N. (2010). Talking while computing in groups: The not-so-private functions of computational private speech in mathematical discussions. Mind Culture and Activity 17(3) 265-283. DOI: <a href=\"https:\/\/www.tandfonline.com\/doi\/abs\/10.1080\/10749030903515213\">10.1080\/10749030903515213<\/a><\/p>\n\n\n<p><\/p>\n","protected":false},"excerpt":{"rendered":"<p>mELd Publications Pelaez, K., Calleros, E.D., Parra, J., &amp; Zahner, W. (2023). Examining community cultural wealth of a transfronteriza multilingual student in mathematics classrooms. International Journal of Qualitative Studies in Education. https:\/\/doi.org\/10.1080\/09518398.2023.2178036 Zahner, W. &amp; Wynn, L.* (2023). Rethinking Learning Trajectories in Light of Student Linguistic Diversity. Mathematical Thinking and Learning. 25(1), 100-114, https:\/\/doi.org\/10.1080\/10986065.2021.1931650. [Open &#8230; <a title=\"Publications\" class=\"read-more\" href=\"https:\/\/meld.sdsu.edu\/index.php\/presentations-publications\/\" aria-label=\"Read more about Publications\">Read more<\/a><\/p>\n","protected":false},"author":1,"featured_media":538,"parent":0,"menu_order":5,"comment_status":"closed","ping_status":"closed","template":"","meta":{"footnotes":""},"class_list":["post-58","page","type-page","status-publish","has-post-thumbnail"],"_links":{"self":[{"href":"https:\/\/meld.sdsu.edu\/index.php\/wp-json\/wp\/v2\/pages\/58","targetHints":{"allow":["GET"]}}],"collection":[{"href":"https:\/\/meld.sdsu.edu\/index.php\/wp-json\/wp\/v2\/pages"}],"about":[{"href":"https:\/\/meld.sdsu.edu\/index.php\/wp-json\/wp\/v2\/types\/page"}],"author":[{"embeddable":true,"href":"https:\/\/meld.sdsu.edu\/index.php\/wp-json\/wp\/v2\/users\/1"}],"replies":[{"embeddable":true,"href":"https:\/\/meld.sdsu.edu\/index.php\/wp-json\/wp\/v2\/comments?post=58"}],"version-history":[{"count":39,"href":"https:\/\/meld.sdsu.edu\/index.php\/wp-json\/wp\/v2\/pages\/58\/revisions"}],"predecessor-version":[{"id":700,"href":"https:\/\/meld.sdsu.edu\/index.php\/wp-json\/wp\/v2\/pages\/58\/revisions\/700"}],"wp:featuredmedia":[{"embeddable":true,"href":"https:\/\/meld.sdsu.edu\/index.php\/wp-json\/wp\/v2\/media\/538"}],"wp:attachment":[{"href":"https:\/\/meld.sdsu.edu\/index.php\/wp-json\/wp\/v2\/media?parent=58"}],"curies":[{"name":"wp","href":"https:\/\/api.w.org\/{rel}","templated":true}]}}